{"id":197,"date":"2022-03-09T10:53:32","date_gmt":"2022-03-09T10:53:32","guid":{"rendered":"https:\/\/gas-forfree.com\/?page_id=197"},"modified":"2022-03-09T10:53:33","modified_gmt":"2022-03-09T10:53:33","slug":"informazioni-sul-trattamento-dei-dati","status":"publish","type":"page","link":"https:\/\/gas-forfree.com\/it\/informazioni-sul-trattamento-dei-dati\/","title":{"rendered":"Informazioni sul trattamento dei dati"},"content":{"rendered":"\n<p>In accordo con quanto indicato nel Regolamento della Protezione dei Dati (GDPR), mettiamo a sua disposizione le seguenti informazioni:<\/p>\n\n\n\n<h3 class=\"wp-block-heading\"><strong>1. SOGGETTO TITOLARE DEL TRATTAMENTO DEI DATI<\/strong><\/h3>\n\n\n\n<p>ADSALSA ITALIA PUBLICIDAD SUCURSAL<\/p>\n\n\n\n<p>Via Roma n. 16<\/p>\n\n\n\n<p>20091 Bresso (MI)<\/p>\n\n\n\n<p>C.F. e P.I. 06723050966<\/p>\n\n\n\n<p>Telefono: 02 47921660<\/p>\n\n\n\n<p>Dati di contatto con il Data Protection Officer:&nbsp;<a href=\"mailto:responsabiledatipersonali@lafabbricadeipremi.com\" rel=\"noreferrer noopener\" target=\"_blank\"><u>responsabiledatipersonali@lafabbricadeipremi.com<\/u><\/a><\/p>\n\n\n\n<p><strong>2. FINALIT\u00c0 DEL TRATTAMENTO<\/strong><\/p>\n\n\n\n<p><strong>FINALIT\u00c0 1<\/strong>: Gestire la partecipazione dell\u2019interessato nei concorsi e\/o nelle promozioni organizzate da ADSALSA e dal Club Fabbrica dei premi. Si tratta della necessit\u00e1 di dare esecuzione alla richiesta di partecipazione di cui l\u2019interessato \u00e9 parte. Nel caso in cui l\u2019interessato non fornisca i propri dati non potr\u00e1 partecipare alle iniziative promosse.<\/p>\n\n\n\n<p><strong>FINALIT\u00c0 2:<\/strong>&nbsp;Utilizzo della banca dati a fini promozionali attraverso l\u2019invio di comunicazioni commerciali di terzi o realizzazione di studi di mercato. A tal fine potrebbe essere necessario utilizzare i dati degli interessati per operazioni di normalizzazione, deduplica, filtraggio e verifica, oltre che a segmentazione degli interessati in funzione delle campagne che verranno realizzate. Le comunicazioni verranno inviate da ADSALSA. La fornitura dei dati \u00e9 facoltativa e la mancata fornitura comporta l\u2019impossibilit\u00e1 per Adsalsa di inviare dette comunicazioni o effettuare studi di mercato.<\/p>\n\n\n\n<p><strong>FINALIT\u00c0 3:<\/strong>&nbsp;Comunicazione dei dati degli interessati a societ\u00e0, organizzazioni e\/o enti interessati nell\u2019indirizzare comunicazioni commerciali dei settori di attivit\u00e0 sopra indicati, o ai fini di realizzazioni di studi di mercato. Ci\u00f2 implicher\u00e0 la possibilit\u00e0 di utilizzare i suoi dati personali per operazioni di normalizzazione, deduplica, filtro e verifica, oltre che a segmentazione degli interessati in funzione delle campagne che verranno realizzate. La fornitura dei dati \u00e9 facoltativa e la mancata fornitura comporta l\u2019impossibilit\u00e1 per soggetti terzi di inviare dette comunicazioni o effettuare studi di mercato. Le comunicazioni commerciali verranno inviate da parte di soggetti terzi come precisato al successivo punto 4.<\/p>\n\n\n\n<p>Le azioni pubblicitarie, tanto realizzate da ADSALSA come da soggetti terzi potranno realizzarsi attraverso i seguenti canali:<\/p>\n\n\n\n<ul><li>posta elettronica,<\/li><li>posta,<\/li><li>chiamate telefoniche a linee fisse o cellulari,<\/li><li>invio di messaggi SMS e\/o MMS,<\/li><li>serivizi di piattaforma di messaggistica, chat<\/li><li>qualsiasi altro tipo di comunicazione analoga.<\/li><\/ul>\n\n\n\n<p><strong><u>Conservazione dei propri dati:<\/u><\/strong><\/p>\n\n\n\n<p>In riferimento alla partecipazione nelle iniziative (finalit\u00e1 1): Adsalsa conserver\u00e0 la banca dati per la realizzazione dei concorsi per un termine massimo di 5 anni dalla conclusione.<\/p>\n\n\n\n<p>In riferimento alle attivit\u00e0 pubblicitarie (finalit\u00e1 2 e 3): i dati degli interessati verranno conservati per un termine di 10 anni ai sensi dell\u2019art. 2946 c.c.. a partire dalla data di raccolta dei dati stessi.<\/p>\n\n\n\n<p><strong>3. BASI GIURIDICHE CHE LEGITTIMANO IL TRATTAMENTO DEI DATI<\/strong><\/p>\n\n\n\n<p>La legittimazione per il trattamento dei suoi dati in relazione alle finalit\u00e0 del trattamento si basa sul seguente:<\/p>\n\n\n\n<ul><li>Al fine della gestione della partecipazione dell\u2019interessato nei concorsi e\/o promozioni organizzati da ADSALSA \u2013 Dare esecuzione alla richiesta dell\u2019interessato.<\/li><li>Al fine della realizzazione di comunicazioni commerciali di societ\u00e0 terze\/studi di mercato da parte di ADSALSA anche fuori da territorio UE\u2013 Consenso dell\u2019interessato.<\/li><li>Al fine della realizzazione di comunicazioni commerciali a societ\u00e0, organizzazioni e\/o enti interessati nell\u2019indirizzare comunicazioni commerciali\/studi di mercato &#8211; Consenso dell\u2019interessato.<\/li><\/ul>\n\n\n\n<p><strong>4. DESTINATARI A CUI VERRANNO COMUNICATI I DATI PERSONALI<\/strong><\/p>\n\n\n\n<ol><li>I dati raccolti per la partecipazione dell\u2019interessato nei concorsi e\/o promozioni organizzate da ADSALSA potranno essere comunicati a:<\/li><li>Notaio incaricato dell\u2019estrazione del concorso.<\/li><li>Punti vendita del prodotto estratto e\/o regalato<\/li><li>La legittimazione per la comunicazione \u00e8 dare esecuzione alla richiesta dell\u2019interessato.<\/li><li>Dati raccolti per la realizzazione di azioni pubblicitarie da parte di ADSALSA: non sono previstecomunicazioni di dati a destinatari terzi ma i dati potranno essere trattati da responsabili preposti al trattamento con specifico atto giuridico..<\/li><li>I dati raccolti verranno comunicati a societ\u00e0 terze, organizzazioni e\/o enti interessati nell\u2019indirizzare comunicazioni commerciali agli interessati. Tali soggetti saranno:<\/li><li>Societ\u00e0 pubblicitarie appartenenti ai settori di attivit\u00e0 indicati di seguito al presente punto 4;<\/li><li>Societ\u00e0 di Marketing;<\/li><li>Call Center;<\/li><li>Sponsor della promozione;<\/li><li>Societ\u00e1 indicate nominativamente il cui elenco \u00e9 consultabile&nbsp;<a href=\"http:\/\/it.adsalsaitalybranch.com\/legal\/list_sponsors_it\/it\" rel=\"noreferrer noopener\" target=\"_blank\"><u>qui<\/u><\/a>;<\/li><li>Ulteriori societ\u00e1 appartenenti ai seguenti settori merceologici:<\/li><\/ol>\n\n\n\n<p>\u2022 Comunicazioni: prodotti e servizi di comunicazioni e tecnologia, etc.;<\/p>\n\n\n\n<p>\u2022 Finanza e settore bancario: entit\u00e0 finanziarie, assicurazioni, investimento, previdenza sociale, etc.;<\/p>\n\n\n\n<p>\u2022 Tempo Libero: pay tv, editoriali, sport, collezionismo, fotografia, passatempo, giochi, trasporti, navigazione, turismo (hotel, tour operator, agenzie di viaggi, compagnie aeree, etc.), aerospazio, giardinaggio, hobbies, lotteria, concorsi, comunicazione e entertainment, arte, musica, etc.;<\/p>\n\n\n\n<p>\u2022 Distribuzione e commercio: elettronica, informatica, immagine e suono, moda, accessori, abbigliamento, tessile, bazar, cosmesi e igienico sanitario, chimica, farmaceutica e bio-tecnologia, agro-alimentare, supermercati, bevande, materiale di ufficio, arredamento, etc.;<\/p>\n\n\n\n<p>\u2022 Automotive: prodotti e servizi relazionati con auto, veicoli industriali, cicli e motocicli, camion, meccanica e metallurgia, etc.;<\/p>\n\n\n\n<p>\u2022 Energia e acqua: prodotti relazionati con elettricit\u00e0, idrocarburi, gas, acqua e utilit\u00e0, etc.;<\/p>\n\n\n\n<p>\u2022 ONG e associazioni: prodotti e servizi relazionati con organizzazioni no profit, fondazioni, etc.;<\/p>\n\n\n\n<p>\u2022 Educazione, formazione, istruzione, universit\u00e0, etc.;<\/p>\n\n\n\n<p>\u2022 Comunicazione e servizi: agenzie di pubblicit\u00e0, di marketing, di eventi, di consulenza, advertising, PR, concessionarie di pubblicit\u00e0, centri media, telecomunicazioni, ricerche di mercato, agenzie di mobile marketing etc.;<\/p>\n\n\n\n<p>\u2022 Ecologia e ambiente;<\/p>\n\n\n\n<p>\u2022 Edilizia, ingegneria civile e prodotti\/servizi immobiliari: costruzioni, decorazioni, casa, design, agenzie immobiliarie, etc.;<\/p>\n\n\n\n<p>\u2022 Tabacco e accessori;<\/p>\n\n\n\n<p>\u2022 Fiere e manifestazioni, etc.;<\/p>\n\n\n\n<p>\u2022 Informatica, internet, siti di e-commerce, etc.;<\/p>\n\n\n\n<p>\u2022 Casin\u00f2 con licenza amministrativa italiana (aams);<\/p>\n\n\n\n<p>\u2022 Comunicazioni politiche.<\/p>\n\n\n\n<p>L\u2019interessato pu\u00f3 conoscere in dettaglio l\u2019elenco delle societ\u00e1 che ricevono i dati esercitando i propri diritti come specificato nel seguente punto 5.<\/p>\n\n\n\n<p>Le societ\u00e0 destinatarie dei dati personali potrebbero essere ubicate al di fuori dello Spazio Economico Europeo e l\u2019eventuale trasferimento avverr\u00e1 sulla base di clausole contrattuali tra il titolare del trattamento o il responsabile del trattamento e il titolare del trattamento, il responsabile del trattamento o il destinatario dei dati personali nel paese terzo.<\/p>\n\n\n\n<p><strong>5. DIRITTI CHE LE APPARTENGONO QUANDO CI INDICA I PROPRI DATI PERSONALI<\/strong><\/p>\n\n\n\n<p>Lei ha diritto a:<\/p>\n\n\n\n<ul><li>Accedere ad i propri dati.<\/li><li>Chiedere la rettificazione<\/li><li>Chiedere la cancellazione<\/li><li>Opporsi al trattamento.<\/li><li>Chiedere la limitazione del trattamento.<\/li><li>Chiedere la portabilit\u00e0 dei dati.<\/li><li>Revocare il consenso in qualsiasi momento senza pregiudicare la liceit\u00e0 del trattamento basata sul consenso prestato prima della revoca.<\/li><\/ul>\n\n\n\n<p>Potr\u00e0 esercitare i propri diritti direttamente e gratuitamente contattando il seguente indirizzo email&nbsp;<a href=\"mailto:info@lafabbricadeipremi.com\" rel=\"noreferrer noopener\" target=\"_blank\"><u>i<\/u>nfo@lafabbricadeipremi.com<\/a>&nbsp;e indicando nell\u2019oggetto \u201cESERCIZIO DEL DIRITTO\u201d specificando quale diritto richieda o per comunicazione scritta al seguente indirizzo: ADSALSA ITALIA PUBLICIDAD SUCURSAL, via Roma n. 16, 20091, Bresso (MI).<\/p>\n\n\n\n<p>La sua richiesta dovr\u00e0 indicare data, nome, cognome, numero teleonico di iscrizione al concorso, tipologia di richiesta, indirizzo a fini di notifica.<\/p>\n\n\n\n<p>E\u2019 diritto dell\u2019interessato proporre reclamo al Garante per la protezione dei dati personali all&#8217;indirizzo&nbsp;<a href=\"http:\/\/www.garanteprivacy.it\/\" rel=\"noreferrer noopener\" target=\"_blank\"><u>www.garanteprivacy.it<\/u><\/a><\/p>\n","protected":false},"excerpt":{"rendered":"<p>In accordo con quanto indicato nel Regolamento della Protezione dei Dati (GDPR), mettiamo a sua disposizione le seguenti informazioni: 1. SOGGETTO TITOLARE DEL TRATTAMENTO DEI DATI ADSALSA ITALIA PUBLICIDAD SUCURSAL Via Roma n. 16 20091 Bresso (MI) C.F. e P.I. 06723050966 Telefono: 02 47921660 Dati di contatto con il Data Protection Officer:&nbsp;responsabiledatipersonali@lafabbricadeipremi.com 2. FINALIT\u00c0 DEL [&hellip;]<\/p>\n","protected":false},"author":2,"featured_media":0,"parent":0,"menu_order":0,"comment_status":"closed","ping_status":"open","template":"","meta":{"_genesis_hide_title":false,"_genesis_hide_breadcrumbs":false,"_genesis_hide_singular_image":false,"_genesis_hide_footer_widgets":false,"_genesis_custom_body_class":"","_genesis_custom_post_class":"","_genesis_layout":"","footnotes":""},"_links":{"self":[{"href":"https:\/\/gas-forfree.com\/it\/wp-json\/wp\/v2\/pages\/197"}],"collection":[{"href":"https:\/\/gas-forfree.com\/it\/wp-json\/wp\/v2\/pages"}],"about":[{"href":"https:\/\/gas-forfree.com\/it\/wp-json\/wp\/v2\/types\/page"}],"author":[{"embeddable":true,"href":"https:\/\/gas-forfree.com\/it\/wp-json\/wp\/v2\/users\/2"}],"replies":[{"embeddable":true,"href":"https:\/\/gas-forfree.com\/it\/wp-json\/wp\/v2\/comments?post=197"}],"version-history":[{"count":1,"href":"https:\/\/gas-forfree.com\/it\/wp-json\/wp\/v2\/pages\/197\/revisions"}],"predecessor-version":[{"id":198,"href":"https:\/\/gas-forfree.com\/it\/wp-json\/wp\/v2\/pages\/197\/revisions\/198"}],"wp:attachment":[{"href":"https:\/\/gas-forfree.com\/it\/wp-json\/wp\/v2\/media?parent=197"}],"curies":[{"name":"wp","href":"https:\/\/api.w.org\/{rel}","templated":true}]}}