{"id":193,"date":"2022-03-09T10:50:25","date_gmt":"2022-03-09T10:50:25","guid":{"rendered":"https:\/\/gas-forfree.com\/?page_id=193"},"modified":"2022-03-09T10:50:40","modified_gmt":"2022-03-09T10:50:40","slug":"weitere-informationen-zum-datenschutz","status":"publish","type":"page","link":"https:\/\/gas-forfree.com\/de\/weitere-informationen-zum-datenschutz\/","title":{"rendered":"Weitere Informationen zum Datenschutz"},"content":{"rendered":"\n<p>Gem\u00e4\u00df den Bestimmungen der geltenden Vorschriften \u00fcber den Schutz personenbezogener Daten teilen wir die folgenden Informationen mit:<\/p>\n\n\n\n<p><strong>1. WER IST F\u00dcR DIE BEARBEITUNG IHRER DATEN VERANTWORTLICH?<\/strong><\/p>\n\n\n\n<p>Aldaniti International Network, LTD<\/p>\n\n\n\n<p>FIRST FLOOR, 113 MONNOW STREET<\/p>\n\n\n\n<p>NP25 3EG &#8211; MONMOUTH, VEREINIGTES K\u00d6NIGREICH<\/p>\n\n\n\n<p>UK947013039<\/p>\n\n\n\n<p>Telefon: +441989320006<\/p>\n\n\n\n<p>Kontakt-E-Mail-Adresse des Datenschutz-Beauftragten: dpo@aldaniti.net<\/p>\n\n\n\n<p><strong>2. WAS IST DER ZWECK DER BEARBEITUNG?<\/strong><\/p>\n\n\n\n<p><strong>ZWECK 1<\/strong>: Die Verwaltung der Gewinnspielteilnehmer und von ALDANITI organisierten Promotionen und Werbeaktionen.<\/p>\n\n\n\n<p><strong>ZWECK 2<\/strong>: Die gewerbliche Nutzung der Datenbank anhand der Versendung von gewerblichen Mitteilungen Dritter oder die Durchf\u00fchrung von Marktforschung. Dies setzt voraus, dass die Daten der Teilnehmer den folgenden Vorg\u00e4ngen unterzogen werden: Standardisierung, Deduplizierung, Filterung und Authentifizierung.&nbsp;Kommerzielle Mitteilungen werden direkt von ALDANITI ohne die physische Lieferung der Daten der beteiligten Parteien an die Werbetreibenden gesendet. Die T\u00e4tigkeitsbereiche, bzgl. denen die interessierten Parteien Informationen erhalten k\u00f6nnen, sind:<\/p>\n\n\n\n<ul><li>Telekommunikation: Produkte und Dienstleistungen der Telekommunikation und Technologie.<\/li><li>Finanz und Finanzprodukte: Kredite, Banken, Versicherungen und Sozialversicherungen. Finanz- und Versicherungsintermediation.<\/li><li>Unterhaltung: Zeitschriften, Tourismus, Sport, Sammlungen, Fotografie, Hobbys, Spielzeug, Transport, Gartenarbeit, Hobbys, Lotterien, Lotterien, Kommunikation und Unterhaltung. Wahrsagung (Esoterik, Tarot, Zukunftsdeutung)<\/li><li>Haupt-Konsumg\u00fcter: Elektronik, Computer, Textilien, Bild und Ton, Zubeh\u00f6r, Heim, Basar, K\u00f6rperpflege (Kosmetik, Parf\u00fcm, Pharmaprodukte, Werbung, pharmazeutische Spezial-Produkte) M\u00f6bel, Nahrungsmittel und Getr\u00e4nke oder B\u00fcromaterial. Mode und Schmuck.<\/li><li>Optik und Optometrie.<\/li><li>KFZ: Produkte und Dienstleistungen f\u00fcr KFZs, Motorr\u00e4der, LKW.<\/li><li>Wahlkampf.<\/li><li>Bildung.<\/li><li>Energie und Wasser: Produkte die sich auf Elektrizit\u00e4t, Kohlenwasserstoffe, Gas und Wasser beziehen.<\/li><li>NGO: Produkte und Dienstleistungen, die sich auf NROs beziehen.<\/li><li>Marketing-Unternehmen\/Callcenter.<\/li><li>Rechtsberatung: Administrative und professionelle Rechtsberatung, Steuer-, Buchhaltungs-, Arbeits-, Zivil- und Handelsberatung und Wirtschaftspr\u00fcfung.<\/li><\/ul>\n\n\n\n<p><strong>ZWECK 3:<\/strong>&nbsp;Vermittlung der Daten der Teilnehmer an Unternehmen und Organisationen mit dem Interesse an Marktforschung und Werbeaktionen aus den oben genannten Sektoren zu versenden. Dies bedeutet notwendigerweise, dass Ihre personenbezogenen Daten \u00fcbermittelt werden m\u00fcssen, zwecks Standardisierung, Deduplizierung, Filterung und Authentifizierung. Das Werbematerial wird von diesen Drittunternehmen versendet.<\/p>\n\n\n\n<p>Die Werbeaktionen, die sowohl von ALDANITI als auch von Drittunternehmen\/Organisationen durchgef\u00fchrt werden, k\u00f6nnen \u00fcber folgende Kan\u00e4le erfolgen:<\/p>\n\n\n\n<ul><li>E-Mail<\/li><li>Postversand,<\/li><li>Anrufe \u00fcber Mobil- oder Festnetz,<\/li><li>Versand von SMS-und\/oder MMS-Mitteilungen,<\/li><li>Multi-Plattform Messaging-Dienste, Chat<\/li><li>Automatisierte Anrufe ohne Einsatz menschlicher Stimmen.<\/li><li>Push-Benachrichtigungen<\/li><li>oder jeglicher analoger Kommunikation.<\/li><\/ul>\n\n\n\n<p>Zus\u00e4tzlich zu den Daten, die von dem interessierten Teilnehmer \u00fcber das Registrierungsformular angefragt werden, speichert ALDANITI INTERNATIONAL NETWORK, LTD auch die IP-Adresse und Navigationsdaten des interessierten Teilnehmers mit dem Zweck, betr\u00fcgerisches Verbrechen oder technologischen Betrug zu verhindern.<\/p>\n\n\n\n<p><strong>ZWECK 4:<\/strong>&nbsp;Entwicklung von Profilen und teilautomatisierten Entscheidungen.<\/p>\n\n\n\n<p>In einigen F\u00e4llen werden die Werbekampagnen nur unter Ber\u00fccksichtigung der Daten der Interessenten f\u00fcr das Registrierungsformular segmentiert, um den Erfolg zu steigern. (Beispiel: Die Er\u00f6ffnung eines bestimmten Herrenbekleidungsgesch\u00e4fts in Berlin richtet sich nur an M\u00e4nner, die in bestimmten Postleitzahlen der Stadt leben.) Bei dieser Art der Segmentierung ist der Grad des Eingriffs in die Privatsph\u00e4re des Interessenten minimal, da nur die Daten verwendet werden, die der Interessent bei seiner Registrierung angegeben hat (Alter, Geschlecht, Postleitzahl &#8230;) In keinem Fall werden Personen \u00fcber verschiedene Websites, Ger\u00e4te und \/ oder Dienste verfolgt.<\/p>\n\n\n\n<p><strong><u>Pflege Ihrer Daten:<\/u><\/strong><\/p>\n\n\n\n<p>Zweck dieser Richtlinie zur Speicherung personenbezogener Daten ist das Erstellen von Richtlinien f\u00fcr Ma\u00dfnahmen, wann Daten aufbewahrt oder vernichtet werden sollen, um die Anforderungen der Qualit\u00e4tssicherung zu erf\u00fcllen.<\/p>\n\n\n\n<p>Welche personenbezogenen Daten speichern wir?<\/p>\n\n\n\n<p>Die Daten, die wir in unseren Dateien speichern, m\u00fcssen das Datum der Registrierung, die IP-Adresse, sowie den Vornamen, Nachnamen, das Geschlecht, Alter, E-Mail-Adresse, Telefonnummer und die Postleitzahl enthalten. Fakultativ k\u00f6nnen Sie uns Ihre Postanschrift mitteilen.<\/p>\n\n\n\n<p>Ebenso werden wir Sie fakultativ und anhand einer Umfrage nach weiteren Daten fragen, die Sie auf freiwilliger Basis beantworten k\u00f6nnen. Diese Daten stammen aus Profildaten, wie z.B., ob Sie ein Auto haben, deren Marke und Modell, ob Sie eine private Krankenversicherung haben, welchen Telefonanbieter Sie nutzen, etc. Diese Daten werden zusammen mit den \u00fcbrigen Pflichtdaten gespeichert, bis diese endg\u00fcltig in unserer Datei gel\u00f6scht werden.<\/p>\n\n\n\n<p>Aufbewahrungsdauer der Daten<\/p>\n\n\n\n<p>In der Regel werden alle Ihre Daten f\u00fcr alle Zwecke, f\u00fcr die Sie der Verarbeitung zugestimmt haben, f\u00fcnf (5) Jahre nach deren Registrierungsdatum automatisch gel\u00f6scht. (Die Verj\u00e4hrungsfrist von f\u00fcnf (5) Jahren wurde als Referenz aus einem Handelsvertragsverh\u00e4ltnis als Ma\u00dfstab genommen.)<\/p>\n\n\n\n<ul><li>Sollten Sie ausdr\u00fccklich Ihr Einverst\u00e4ndnis zum Erhalt von Werbeangeboten von Drittanbietern per E-Mail gegeben haben, werden Ihre Daten gel\u00f6scht, falls Sie innerhalb von sechs (6) Monaten kein Interesse an den versandten Angeboten gezeigt haben. Mit anderen Worten, falls Sie die erhaltenen Angebote innerhalb von sechs (6) Monaten nicht \u00f6ffnen oder anklicken, werden Ihre Daten f\u00fcr diesen Zweck, dem Erhalt von Werbeangeboten per E-Mail, automatisch gel\u00f6scht.<\/li><li>Sollten Sie ein aktiver Benutzer sein, d.h., Sie \u00f6ffnen und besuchen die an Sie gesendeten Werbeangebote, erhalten Sie in regelm\u00e4\u00dfigen Abst\u00e4nden eine E-Mail mit dem Hinweis, dass Ihre pers\u00f6nlichen Daten in unserer Datei gespeichert sind, sowie eine Beschreibung deren Bearbeitung, denen Sie zugestimmt haben. In all diesen E-Mails werden Sie \u00fcber die M\u00f6glichkeit informiert, die Behandlung Ihrer Daten zu beenden oder sich von unserer Datei abzumelden.<\/li><li>Sollten Sie Ihr ausdr\u00fcckliches Einverst\u00e4ndnis gegeben haben, Werbeangebote von Drittanbietern per Telefon oder SMS zu erhalten, werden Ihre Daten f\u00fcnf (5) Jahre nach Ihrer Registrierung automatisch gel\u00f6scht, es sei denn, Sie haben von Ihrem Recht Gebrauch gemacht, sich vor Ablauf dieser Frist abzumelden; in diesem Fall werden Ihre Daten zum Zeitpunkt Ihrer Anfrage endg\u00fcltig aus unserer Datei gel\u00f6scht.<\/li><\/ul>\n\n\n\n<p>Sie haben jederzeit die M\u00f6glichkeit, Ihre Marketingeinstellungen zu \u00e4ndern, indem Sie sich mit Ihren Zugangsdaten im privaten Kontobereich einloggen. Sie k\u00f6nnen jederzeit Ihre Zugangsdaten f\u00fcr Ihr privates Konto anfragen.<\/p>\n\n\n\n<p>Zus\u00e4tzlich zu den Daten, die von der beteiligten Partei \u00fcber das Registrierungsformular angefordert werden, speichert ALDANITI auch die IP-Adresse und die Daten der beteiligten Partei. Alles mit dem Ziel, den Betrug von Verbrechen oder technologischem Betrug zu verhindern.<\/p>\n\n\n\n<p><strong>3. WELCHE IST DIE RECHTLICHE GRUNDLAGE F\u00dcR DIE BEARBEITUNG IHRER DATEN?<\/strong><\/p>\n\n\n\n<p>Die rechtliche Grundlage f\u00fcr die Bearbeitung Ihrer Daten bzgl. der Zwecke der Bearbeitung ist:<\/p>\n\n\n\n<ol><li>F\u00fcr die Verwaltung der Beteiligung von Interessenten an Gewinnspielen und\/oder Werbeaktionen, die von ALDANITI organisiert werden: Vertragserf\u00fcllung.<\/li><li>F\u00fcr die Durchf\u00fchrung von Werbeaktionen von Drittunternehmen\/Marktforschung durch ALDANITI &#8211; die Einwilligung der interessierten Partei.<\/li><li>Vermittlung der Daten der Teilnehmer an Unternehmen und Organisationen mit dem Interesse an Marktforschung und Werbeaktionen aus den oben genannten Sektoren zu versenden. &#8211; die Zustimmung der interessierten Partei.<\/li><li>F\u00fcr die Ausarbeitung von teilweise automatisierten Profilen und Entscheidungen &#8211; Die Legitimit\u00e4tsgrundlage ist das berechtigte Interesse des Unternehmens, das beste Ergebnis seiner Werbekampagnen zu erzielen.<\/li><\/ol>\n\n\n\n<p><strong>4. AN WELCHE EMPF\u00c4NGER WERDEN IHRE PERSONENBEZOGENEN DATEN \u00dcBERMITTELT?<\/strong><\/p>\n\n\n\n<ol><li>Die Daten, die f\u00fcr die Verwaltung der Beteiligung der Interessenten an Gewinnspielen und\/oder Werbeaktionen, die von der ALDANITI organisiert werden, generiert werden, werden an die Verkaufsstellen der Produkte weitergegeben, die verlost und\/oder verschenkt werden. Die rechtliche Grundlage f\u00fcr die \u00dcbertragung ist die Ausf\u00fchrung des Vertrags.<\/li><li>Bzgl. der Daten, die f\u00fcr die Durchf\u00fchrung der Werbeaktionen von ALDANITI generiert werden: es ist keine Weitergabe vorgesehen.<\/li><li>Die generierten Daten, die vorgesehen sind f\u00fcr die \u00dcbertragung an Drittunternehmen und Organisationen, die an der Durchf\u00fchrung von Werbeaktionen interessiert sind, werden weitergegeben an:<\/li><li>Werbeunternehmen, die zu den in Punkt 2 genannten Sektoren geh\u00f6ren<\/li><li>Marketing-Unternehmen,<\/li><li>Callcenter.<\/li><li>Sponsoren der Werbeaktion. Um zu verwalten, welche Angebote unserer Sponsoren Sie erhalten m\u00f6chten, m\u00fcssen Sie zun\u00e4chst die Einverst\u00e4ndniserkl\u00e4rung auf der Registrierungsseite akzeptieren. Hinweis: Ihre Daten k\u00f6nnen zus\u00e4tzlich zu unseren Sponsoren an Unternehmen in den unter Punkt 2 genannten Branchen weitergegeben werden. Falls Sie nicht damit einverstanden sind, dass Ihre Daten an einen unserer Sponsoren weitergegeben werden, aktivieren Sie bitte das f\u00fcr diesen Zweck vorgesehene Kontrollk\u00e4stchen.<\/li><\/ol>\n\n\n\n<p>Anmerkung: Um die f\u00fcr Sie angepassten Angebote zu erhalten, stimmen Sie bitte erst der Einverst\u00e4ndniserkl\u00e4rung auf der Registrierungsseite zu.<\/p>\n\n\n\n<p><strong>5. WELCHE SIND IHRE RECHTE, WENN SIE UNS IHRE PERSONENBEZOGENEN DATEN ZUR VERF\u00dcGUNG STELLEN?<\/strong><\/p>\n\n\n\n<p>Sie haben Anspruch auf:<\/p>\n\n\n\n<ul><li>Zugriff auf Ihre personenbezogenen Daten.<\/li><li>Ihre Korrektur zu beantragen<\/li><li>Ihre L\u00f6schung zu beantragen<\/li><li>der Bearbeitung zu widersprechen<\/li><li>Die Einschr\u00e4nkung ihrer Bearbeitung zu beantragen.<\/li><li>Die \u00dcbertragbarkeit personenbezogener Daten.<\/li><\/ul>\n\n\n\n<p>Sie k\u00f6nnen Ihre Rechte aus\u00fcben, indem Sie sich direkt und kostenlos an die folgende e-Mail-Adresse wenden: info@aldaniti.net, mit dem Betreff &#8222;AUS\u00dcBUNG DER RECHTE&#8220;, oder per Schreiben an die folgende Anschrift: ALDANITI INTERNATIONAL NETWORK, LTD, First Floor, 113 Monnow Street, NP25 3EG &#8211; MONMOUTH, VEREINIGTES K\u00d6NIGREICH<\/p>\n\n\n\n<p>Ihr Antrag muss das Datum, ihren vollst\u00e4ndigen Namen, sowie den Betreff des Antrags und die Postanschrift f\u00fcr R\u00fcckschriften enthalten. Um jegliche berechtigte Zweifel bzgl. der Identit\u00e4t der Person zu beseitigen, die den Antrag stellt, wird das Vorlegen eines Reisepasses oder eines gleichwertigen Dokuments verlangt, um die Identit\u00e4t des Antragstellers zu best\u00e4tigen.<\/p>\n\n\n\n<p>Falls Sie der Meinung sind, dass ALDANITI Ihren Antrag nicht sachgem\u00e4\u00df durchgef\u00fchrt hat, k\u00f6nnen Sie sich an das Information Commissioner\u2019s Office (ICO) wenden, dessen Kontaktdaten auf&nbsp;https:\/\/ico.org.uk\/&nbsp;zu finden sind<\/p>\n","protected":false},"excerpt":{"rendered":"<p>Gem\u00e4\u00df den Bestimmungen der geltenden Vorschriften \u00fcber den Schutz personenbezogener Daten teilen wir die folgenden Informationen mit: 1. WER IST F\u00dcR DIE BEARBEITUNG IHRER DATEN VERANTWORTLICH? Aldaniti International Network, LTD FIRST FLOOR, 113 MONNOW STREET NP25 3EG &#8211; MONMOUTH, VEREINIGTES K\u00d6NIGREICH UK947013039 Telefon: +441989320006 Kontakt-E-Mail-Adresse des Datenschutz-Beauftragten: dpo@aldaniti.net 2. WAS IST DER ZWECK DER BEARBEITUNG? [&hellip;]<\/p>\n","protected":false},"author":2,"featured_media":0,"parent":0,"menu_order":0,"comment_status":"closed","ping_status":"open","template":"","meta":{"_genesis_hide_title":false,"_genesis_hide_breadcrumbs":false,"_genesis_hide_singular_image":false,"_genesis_hide_footer_widgets":false,"_genesis_custom_body_class":"","_genesis_custom_post_class":"","_genesis_layout":"","footnotes":""},"_links":{"self":[{"href":"https:\/\/gas-forfree.com\/de\/wp-json\/wp\/v2\/pages\/193"}],"collection":[{"href":"https:\/\/gas-forfree.com\/de\/wp-json\/wp\/v2\/pages"}],"about":[{"href":"https:\/\/gas-forfree.com\/de\/wp-json\/wp\/v2\/types\/page"}],"author":[{"embeddable":true,"href":"https:\/\/gas-forfree.com\/de\/wp-json\/wp\/v2\/users\/2"}],"replies":[{"embeddable":true,"href":"https:\/\/gas-forfree.com\/de\/wp-json\/wp\/v2\/comments?post=193"}],"version-history":[{"count":1,"href":"https:\/\/gas-forfree.com\/de\/wp-json\/wp\/v2\/pages\/193\/revisions"}],"predecessor-version":[{"id":194,"href":"https:\/\/gas-forfree.com\/de\/wp-json\/wp\/v2\/pages\/193\/revisions\/194"}],"wp:attachment":[{"href":"https:\/\/gas-forfree.com\/de\/wp-json\/wp\/v2\/media?parent=193"}],"curies":[{"name":"wp","href":"https:\/\/api.w.org\/{rel}","templated":true}]}}